{"id":112,"date":"2024-02-21T23:41:29","date_gmt":"2024-02-21T22:41:29","guid":{"rendered":"https:\/\/boccinibruno.it\/?page_id=112"},"modified":"2024-02-21T23:44:00","modified_gmt":"2024-02-21T22:44:00","slug":"cookie-policy","status":"publish","type":"page","link":"https:\/\/boccinibruno.it\/index.php\/cookie-policy\/","title":{"rendered":"Cookie Policy"},"content":{"rendered":"\n<h1 class=\"wp-block-heading\">GDPR &#8211; Cookie Policy<\/h1>\n\n\n\n<h1 class=\"wp-block-heading\">GDPR<\/h1>\n\n\n\n<p>Questo sito utilizza cookie, anche di terze parti, per migliorare la navigazione e raccogliere informazioni sull&#8217;utilizzo del sito. Se vuoi saperne di pi\u00f9 o negare il consenso ad alcuni o tutti i cookie puoi visitare le pagine dedicate in questo sito. Chiudendo questo banner, scorrendo questa pagina o cliccando qualunque suo elemento acconsenti all&#8217;uso dei cookie. Visualizza l&#8217;informativa completa sulla privacy aggiornata gdpr 679\/2016 nella pagina dedicata in questo sito.<\/p>\n\n\n\n<p>La presente privacy policy non si applica ai servizi forniti da terze parti, e questo sito non ha alcun controllo sui loro cookie, interamente gestiti dalle terze parti, e non ha alcun accesso alle informazioni raccolte tramite detti cookie. In conseguenza di ci\u00f2 le informazioni sull\u2019uso dei cookie di terze parti, sulle finalit\u00e0 degli stessi, nonch\u00e9 sulle modalit\u00e0 per l\u2019eventuale disabilitazione, sono fornite direttamente dalle terze parti alle pagine indicate di seguito. Generalmente il tracciamento degli utenti non comporta identificazione dello stesso, a meno che l\u2019Utente non sia gi\u00e0 iscritto al servizio e non sia anche gi\u00e0 loggato, nel qual caso si intende che l\u2019Utente ha gi\u00e0 espresso il suo consenso direttamente alla terza parte al momento dell\u2019iscrizione al relativo servizio (es. Facebook).<\/p>\n\n\n\n<p>In particolare il presente sito utilizza cookie delle seguenti terze parti.<\/p>\n\n\n\n<p>\u2022 Google Analytics: strumento di analisi web utilizzato al fine di consentirci di esaminare l\u2019uso del sito da parte degli utenti, compilare report sulle attivit\u00e0 del sito e il comportamento degli utenti, verificare quanto spesso gli utenti visitano il sito, come il sito viene rintracciato e quali pagine sono visitate pi\u00f9 frequentemente. Le informazioni sono combinate da Google con informazioni raccolte da altri siti al fine di creare un quadro comparativo dell\u2019uso del sito rispetto ad altri siti della medesima categoria. Dati raccolti: identificativo del browser, data e orario di interazione col sito, pagina di provenienza, IP. Luogo di trattamento dei dati: USA. I dati raccolti non consentono l\u2019identificazione personale degli utenti, e non sono incrociati con altre informazioni relative alla stessa persona. Sono trattati in forma aggregata e anonimizzati (troncati all\u2019ultimo ottetto). In base ad apposito accordo \u00e8 vietato a Google Inc. l\u2019incrocio di tali dati con quelli ricavati da altri servizi. Per maggiori informazioni sui cookie inviati tramite Google Analytics:&nbsp;<a href=\"https:\/\/www.google.com\/analytics\/learn\/privacy.html.\" target=\"_blank\" rel=\"noreferrer noopener\">https:\/\/www.google.com\/analytics\/learn\/privacy.html.<\/a>&nbsp;L&#8217;utente pu\u00f2 disabilitare Google Analytics installando sul proprio browser un componente aggiuntivo fornito da Google Inc.:&nbsp;<a href=\"https:\/\/tools.google.com\/dlpage\/gaoptout\" target=\"_blank\" rel=\"noreferrer noopener\">https:\/\/tools.google.com\/dlpage\/gaoptout<\/a><\/p>\n\n\n\n<p>\u2022 PayPal fa uso di cookie per consentire l\u2019esecuzione corretta dei pagamenti. Imposta cookie al momento dell\u2019accesso al modulo di pagamento al fine di: sviluppare le transazioni e fornire i Servizi PayPal; accertare l\u2019identit\u00e0 dell\u2019Utente, anche per la creazione del conto e reimpostazione della password; risolvere reclami, riscuotere tariffe e risolvere problemi; gestire i rischi o individuare frodi o ad altre attivit\u00e0 potenzialmente illegali o proibite; nonch\u00e9 le violazioni delle regole o dei relativi accordi con gli utenti; fornire all\u2019Utente i servizi di assistenza clienti; migliorare i Servizi PayPal personalizzando l\u2019esperienza d\u2019uso dell\u2019Utente; calibrare le prestazioni dei Servizi PayPal e migliorarne i contenuti e layout; monitorare e gestire le proprie infrastrutture informatiche; inviare comunicazioni di marketing e pubblicit\u00e0 mirate, fornire aggiornamenti del servizio e offerte promozionali in base alle preferenze di comunicazione definite nel conto PayPal e alle attivit\u00e0 dell\u2019Utente durante l\u2019uso dei Servizi PayPal; verificare la solvibilit\u00e0, confrontare i dati per stabilirne l\u2019accuratezza, nonch\u00e9 verificarli con terzi. Dati raccolti: comportamento degli utenti, indirizzo IP, dati del browser, dati del dispositivo, dati di localizzazione, sistema operativo, provider, data e ora, nome e cognome, numero carta di credito e\/o conto corrente; indirizzo mail. Luogo di trattamento dei dati: USA. Per ulteriori informazioni sull\u2019uso e le finalit\u00e0 dei cookie da parte di PayPal si raccomanda di prendere visione delle informazioni al seguente indirizzo web:&nbsp;<a href=\"https:\/\/www.paypal.com\/it\/webapps\/mpp\/ua\/privacy-full.\" target=\"_blank\" rel=\"noreferrer noopener\">https:\/\/www.paypal.com\/it\/webapps\/mpp\/ua\/privacy-full.<\/a>&nbsp;La disabilitazione dei cookie di paypal pu\u00f2 comportare l\u2019impossibilit\u00e0 di processare i pagamenti e quindi di erogare i servizi.<\/p>\n\n\n\n<p>6.1 \u2013 Consenso per l\u2019uso dei cookie Utilizzando il sito, continuando la navigazione del sito l\u2019utente\/visitatore acconsente espressamente all\u2019uso dei cookie e in particolare alla registrazione di tali cookie sul suo terminale per le finalit\u00e0 sopra indicate, oppure all\u2019accesso tramite i cookie ad informazioni sul suo terminale.<\/p>\n\n\n\n<p>6.2 \u2013 Rifiuto o revoca del consenso ai cookie L\u2019utente\/visitatore pu\u00f2 rifiutare l\u2019utilizzo dei cookie e in qualsiasi momento pu\u00f2 revocare un consenso gi\u00e0 fornito.<\/p>\n\n\n\n<p>Poich\u00e9 i cookie sono collegati al browser utilizzato, POSSONO ESSERE DISABILITATI DIRETTAMENTE DAL BROWSER, cos\u00ec rifiutando\/revocando il consenso all\u2019uso dei cookie usando le specifiche procedure previste da ciascun browser:<\/p>\n\n\n\n<p>Google Chrome:&nbsp;<a href=\"https:\/\/support.google.com\/chrome\/answer\/95647\" target=\"_blank\" rel=\"noreferrer noopener\">https:\/\/support.google.com\/chrome\/answer\/95647<\/a><\/p>\n\n\n\n<p>Mozilla Firefox:&nbsp;<a href=\"http:\/\/support.mozilla.org\/it\/kb\/Attivareedisattivareicookie\" target=\"_blank\" rel=\"noreferrer noopener\">http:\/\/support.mozilla.org\/it\/kb\/Attivareedisattivareicookie<\/a><\/p>\n\n\n\n<p>Safari:&nbsp;<a href=\"https:\/\/support.apple.com\/it-it\/HT201265\" target=\"_blank\" rel=\"noreferrer noopener\">https:\/\/support.apple.com\/it-it\/HT201265<\/a><\/p>\n\n\n\n<p>Opera:&nbsp;<a href=\"http:\/\/help.opera.com\/Windows\/10.00\/it\/cookies.html\" target=\"_blank\" rel=\"noreferrer noopener\">http:\/\/help.opera.com\/Windows\/10.00\/it\/cookies.html<\/a><\/p>\n\n\n\n<p>IE:&nbsp;<a href=\"http:\/\/windows.microsoft.com\/it-it\/internet-explorer\/delete-manage-cookies#ie=ie-11\" target=\"_blank\" rel=\"noreferrer noopener\">http:\/\/windows.microsoft.com\/it-it\/internet-explorer\/delete-manage-cookies#ie=ie-11<\/a><\/p>\n\n\n\n<p>LA DISABILITAZIONE DEI COOKIE POTREBBE IMPEDIRE IL CORRETTO UTILIZZO DI ALCUNE FUNZIONI DEL SITO STESSO, in particolare i servizi forniti da terze parti potrebbero non essere accessibili, e quindi potrebbero non essere visualizzabili.<\/p>\n\n\n\n<p>I cookie per le preferenze consentono a un sito web di ricordare le informazioni che influenzano il modo in cui il sito si comporta o si presenta, come la lingua preferita o la regione che ti trovi Permettono l&#8217;autorizzazione del cookie tra pi\u00f9 siti web e ricordano la versione linguistica selezionata dall&#8217;utente.<\/p>\n\n\n\n<p>\u200b<\/p>\n\n\n\n<h2 class=\"wp-block-heading\">Cookie Policy<\/h2>\n\n\n\n<p>A cosa servono<\/p>\n\n\n\n<p>I cookie sono da noi utilizzati per assicurare all\u00b4utente la migliore esperienza nel nostro sito.<\/p>\n\n\n\n<p>Questo sito utilizza i cookie, anche di terze parti, per inviare messaggi promozionali personalizzati.<\/p>\n\n\n\n<p>Tipologie di cookie<\/p>\n\n\n\n<p>I cookie sono categorizzati come segue. Cookie di sessione. Cookie automaticamente cancellati quando l\u00b4utente chiude il browser. Cookie persistenti. Cookie che restano memorizzati nel dispositivo dell\u00b4utente sino al raggiungimento di una determinata data di terminazione (in termini di minuti, giorni o anni dalla creazione\/aggiornamento del cookie). Cookie di terze parti. Cookie memorizzati per conto di soggetti terzi. E possibile controllare ed eliminare i singoli cookie utilizzando le impostazioni della maggior parte dei browser. Ci\u00f2, tuttavia, potrebbe impedire di utilizzare correttamente alcune funzioni del nostro sito web. Per saperne di pi\u00f9 \u00e8 possibile fare riferimento a&nbsp;<a href=\"http:\/\/www.aboutcookies.org\/\" target=\"_blank\" rel=\"noreferrer noopener\">www.aboutcookies.org<\/a>&nbsp;o&nbsp;<a href=\"http:\/\/www.allaboutcookies.org\/\" target=\"_blank\" rel=\"noreferrer noopener\">www.allaboutcookies.org<\/a>.<\/p>\n\n\n\n<p>Gestione dei cookie direttamente dal sito<\/p>\n\n\n\n<p>Per ottimizzare la tua esperienza anche nella gestione dei cookie, abbiamo deciso di organizzare i cookie utilizzati da questo sito in quattro categorie, in base alle finalit\u00e0 perseguite: essential, comfort, performance, advertising.<\/p>\n\n\n\n<p>Essential: Questi cookie sono indispensabili per il regolare funzionamento del sito e delle relative funzioni. Esempi: cookie di autenticazione. Comfort: Questi cookie consentono di migliorare il comfort e l\u00b4usabilit\u00e0 dei siti Internet e di mettere a disposizione svariate funzioni. Ad esempio, nei cookie comfort \u00e8 possibile memorizzare i risultati delle ricerche, le impostazioni della lingua, la dimensione del carattere. Performance: Questi cookie raccolgono informazioni su come sono utilizzati i siti Internet. I cookie prestazionali ci aiutano per esempio a stabilire quali sono i settori pi\u00f9 popolari del nostro sito. Questo ci permette di adattare i contenuti delle pagine Internet ai vostri desideri e al contempo di migliorare i servizi Internet offerti.<\/p>\n\n\n\n<p>Advertising: Questi cookie sono utilizzati per personalizzare l\u00b4invio delle informazioni e delle comunicazioni pubblicitarie, in funzione degli interessi dell\u00b4utente, ad es. in base alle pagine visitate.<\/p>\n","protected":false},"excerpt":{"rendered":"<p>GDPR &#8211; Cookie Policy GDPR Questo sito utilizza cookie, anche di terze parti, per migliorare [&hellip;]<\/p>\n","protected":false},"author":1,"featured_media":0,"parent":0,"menu_order":0,"comment_status":"closed","ping_status":"closed","template":"page-no-title","meta":{"footnotes":""},"class_list":["post-112","page","type-page","status-publish","hentry"],"_links":{"self":[{"href":"https:\/\/boccinibruno.it\/index.php\/wp-json\/wp\/v2\/pages\/112","targetHints":{"allow":["GET"]}}],"collection":[{"href":"https:\/\/boccinibruno.it\/index.php\/wp-json\/wp\/v2\/pages"}],"about":[{"href":"https:\/\/boccinibruno.it\/index.php\/wp-json\/wp\/v2\/types\/page"}],"author":[{"embeddable":true,"href":"https:\/\/boccinibruno.it\/index.php\/wp-json\/wp\/v2\/users\/1"}],"replies":[{"embeddable":true,"href":"https:\/\/boccinibruno.it\/index.php\/wp-json\/wp\/v2\/comments?post=112"}],"version-history":[{"count":1,"href":"https:\/\/boccinibruno.it\/index.php\/wp-json\/wp\/v2\/pages\/112\/revisions"}],"predecessor-version":[{"id":113,"href":"https:\/\/boccinibruno.it\/index.php\/wp-json\/wp\/v2\/pages\/112\/revisions\/113"}],"wp:attachment":[{"href":"https:\/\/boccinibruno.it\/index.php\/wp-json\/wp\/v2\/media?parent=112"}],"curies":[{"name":"wp","href":"https:\/\/api.w.org\/{rel}","templated":true}]}}