{"id":22,"date":"2024-02-20T17:36:07","date_gmt":"2024-02-20T16:36:07","guid":{"rendered":"https:\/\/boccinibruno.it\/?page_id=22"},"modified":"2024-02-22T18:11:38","modified_gmt":"2024-02-22T17:11:38","slug":"prodotti","status":"publish","type":"page","link":"https:\/\/boccinibruno.it\/index.php\/prodotti\/","title":{"rendered":"Prodotti"},"content":{"rendered":"\n<div class=\"wp-block-group alignfull is-layout-flow wp-block-group-is-layout-flow\">\n<div class=\"wp-block-cover alignfull\"><span aria-hidden=\"true\" class=\"wp-block-cover__background has-background-dim\"><\/span><img loading=\"lazy\" decoding=\"async\" width=\"470\" height=\"470\" class=\"wp-block-cover__image-background wp-image-41\" alt=\"\" src=\"https:\/\/boccinibruno.it\/wp-content\/uploads\/2024\/02\/90f7c6_0f386fa6d745421e81b074f8c2dcd45f_mv2.webp\" data-object-fit=\"cover\" srcset=\"https:\/\/boccinibruno.it\/wp-content\/uploads\/2024\/02\/90f7c6_0f386fa6d745421e81b074f8c2dcd45f_mv2.webp 470w, https:\/\/boccinibruno.it\/wp-content\/uploads\/2024\/02\/90f7c6_0f386fa6d745421e81b074f8c2dcd45f_mv2-300x300.webp 300w, https:\/\/boccinibruno.it\/wp-content\/uploads\/2024\/02\/90f7c6_0f386fa6d745421e81b074f8c2dcd45f_mv2-150x150.webp 150w\" sizes=\"auto, (max-width: 470px) 100vw, 470px\" \/><div class=\"wp-block-cover__inner-container is-layout-constrained wp-block-cover-is-layout-constrained\">\n<p class=\"has-text-align-center has-extra-large-font-size\"><strong>I nostri prodotti<br>Vendita bombole per cucina<\/strong><\/p>\n<\/div><\/div>\n\n\n\n<div class=\"wp-block-group has-background-background-color has-background is-layout-flow wp-block-group-is-layout-flow\" style=\"border-style:none;border-width:0px;padding-top:80px;padding-right:30px;padding-bottom:80px;padding-left:30px\">\n<h2 class=\"wp-block-heading has-text-align-center\"><strong>I nostri <\/strong>prodotti<\/h2>\n\n\n\n<div class=\"wp-block-columns alignwide is-layout-flex wp-container-core-columns-is-layout-08c01c1c wp-block-columns-is-layout-flex\">\n<div class=\"wp-block-column is-vertically-aligned-center is-layout-flow wp-block-column-is-layout-flow\">\n<div class=\"wp-block-group alignwide has-box-shadow is-layout-constrained wp-container-core-group-is-layout-6c055370 wp-block-group-is-layout-constrained\" style=\"border-style:none;border-width:0px;border-radius:0px;min-height:30em;padding-top:0px;padding-right:0px;padding-bottom:0px;padding-left:0px\">\n<div class=\"wp-block-group is-content-justification-center is-nowrap is-layout-flex wp-container-core-group-is-layout-23441af8 wp-block-group-is-layout-flex\">\n<figure class=\"wp-block-image size-full is-resized\"><img loading=\"lazy\" decoding=\"async\" width=\"540\" height=\"400\" src=\"https:\/\/boccinibruno.it\/wp-content\/uploads\/2024\/02\/90f7c6_b892254945d24869bf40b681a7f00fc1mv2.webp\" alt=\"\" class=\"wp-image-170\" style=\"aspect-ratio:16\/9;object-fit:cover;width:570px\" srcset=\"https:\/\/boccinibruno.it\/wp-content\/uploads\/2024\/02\/90f7c6_b892254945d24869bf40b681a7f00fc1mv2.webp 540w, https:\/\/boccinibruno.it\/wp-content\/uploads\/2024\/02\/90f7c6_b892254945d24869bf40b681a7f00fc1mv2-300x222.webp 300w\" sizes=\"auto, (max-width: 540px) 100vw, 540px\" \/><\/figure>\n<\/div>\n\n\n\n<div class=\"wp-block-group is-layout-flow wp-container-core-group-is-layout-3f992a7a wp-block-group-is-layout-flow\" style=\"padding-top:0px;padding-right:1rem;padding-bottom:0px;padding-left:1rem\">\n<h3 class=\"wp-block-heading has-text-align-center\"><strong>Bombole per cucine<\/strong><\/h3>\n\n\n\n<p>La Boccini Bruno \u00e8 un riferimento anche nella vendita di bombole per cucina a Grosseto. L\u2019azienda offre un&#8217;ampia gamma di bombole a gas Gpl per uso domestico. Contattaci per ricevere maggiori informazioni oppure vieni a trovarci nel nostro punto vendita. Il nostro staff \u00e8 pronto per accogliere ogni richiesta e risolvere ogni tuo dubbio<\/p>\n<\/div>\n<\/div>\n<\/div>\n\n\n\n<div class=\"wp-block-column is-vertically-aligned-center is-layout-flow wp-block-column-is-layout-flow\">\n<div class=\"wp-block-group alignwide has-box-shadow has-background-background-color has-background is-layout-constrained wp-container-core-group-is-layout-c6c31506 wp-block-group-is-layout-constrained\" style=\"border-style:none;border-width:0px;border-radius:0px;min-height:30em;padding-top:0px;padding-right:0px;padding-bottom:0px;padding-left:0px\">\n<div class=\"wp-block-group alignfull is-content-justification-center is-nowrap is-layout-flex wp-container-core-group-is-layout-23441af8 wp-block-group-is-layout-flex\">\n<figure class=\"wp-block-image size-full is-resized\"><img loading=\"lazy\" decoding=\"async\" width=\"540\" height=\"400\" src=\"https:\/\/boccinibruno.it\/wp-content\/uploads\/2024\/02\/90f7c6_686e2682f19343e1ad192b7dd4facc2cmv2.webp\" alt=\"\" class=\"wp-image-169\" style=\"aspect-ratio:16\/9;object-fit:cover;width:570px\" srcset=\"https:\/\/boccinibruno.it\/wp-content\/uploads\/2024\/02\/90f7c6_686e2682f19343e1ad192b7dd4facc2cmv2.webp 540w, https:\/\/boccinibruno.it\/wp-content\/uploads\/2024\/02\/90f7c6_686e2682f19343e1ad192b7dd4facc2cmv2-300x222.webp 300w\" sizes=\"auto, (max-width: 540px) 100vw, 540px\" \/><\/figure>\n<\/div>\n\n\n\n<div class=\"wp-block-group is-layout-flow wp-container-core-group-is-layout-3f992a7a wp-block-group-is-layout-flow\" style=\"padding-top:0px;padding-right:1rem;padding-bottom:0px;padding-left:1rem\">\n<h3 class=\"wp-block-heading has-text-align-center\"><strong>Estintori antincendio<\/strong><\/h3>\n\n\n\n<p>Oltre a una vasta gamma di servizi, la Boccini Bruno propone ai suoi clienti una variet\u00e0 di prodotti. Nel punto vendita in via Orcagna, 122, \u00e8 possibile richiedere la ricarica e la vendita di estintori di tutte le tipologie, da utilizzare sia in aziende che in residenze private. Rivolgiti ai professionisti del settore, soddisferemo ogni tua esigenza.<\/p>\n<\/div>\n<\/div>\n<\/div>\n<\/div>\n\n\n\n<div class=\"wp-block-columns alignwide is-layout-flex wp-container-core-columns-is-layout-08c01c1c wp-block-columns-is-layout-flex\">\n<div class=\"wp-block-column is-vertically-aligned-center is-layout-flow wp-block-column-is-layout-flow\">\n<div class=\"wp-block-group alignwide has-box-shadow is-layout-constrained wp-container-core-group-is-layout-c6c31506 wp-block-group-is-layout-constrained\" style=\"border-style:none;border-width:0px;border-radius:0px;min-height:30em;padding-top:0px;padding-right:0px;padding-bottom:0px;padding-left:0px\">\n<div class=\"wp-block-group is-content-justification-center is-nowrap is-layout-flex wp-container-core-group-is-layout-23441af8 wp-block-group-is-layout-flex\">\n<figure class=\"wp-block-image size-full is-resized\"><img loading=\"lazy\" decoding=\"async\" width=\"538\" height=\"400\" src=\"https:\/\/boccinibruno.it\/wp-content\/uploads\/2024\/02\/90f7c6_b210765333a246de94ad928582f730d3mv2.webp\" alt=\"\" class=\"wp-image-171\" style=\"aspect-ratio:16\/9;object-fit:cover;width:570px\" srcset=\"https:\/\/boccinibruno.it\/wp-content\/uploads\/2024\/02\/90f7c6_b210765333a246de94ad928582f730d3mv2.webp 538w, https:\/\/boccinibruno.it\/wp-content\/uploads\/2024\/02\/90f7c6_b210765333a246de94ad928582f730d3mv2-300x223.webp 300w\" sizes=\"auto, (max-width: 538px) 100vw, 538px\" \/><\/figure>\n<\/div>\n\n\n\n<div class=\"wp-block-group is-layout-flow wp-container-core-group-is-layout-3f992a7a wp-block-group-is-layout-flow\" style=\"padding-top:0px;padding-right:1rem;padding-bottom:0px;padding-left:1rem\">\n<h3 class=\"wp-block-heading has-text-align-center\"><strong>Serbatoi<\/strong><\/h3>\n\n\n\n<p>La Boccini Bruno, specializzata nella proposta di servizi per il riscaldamento, \u00e8 una realt\u00e0 affermata anche nella installazione di serbatoi e impianti a gas per veicoli di qualsiasi tipologia. Il nostro staff \u00e8 sempre accuratamente aggiornato in merito, per questo in gradi di venire incontro alle richieste dei clienti.<\/p>\n<\/div>\n<\/div>\n<\/div>\n\n\n\n<div class=\"wp-block-column is-vertically-aligned-center is-layout-flow wp-block-column-is-layout-flow\">\n<div class=\"wp-block-group alignwide has-box-shadow has-background-background-color has-background is-layout-constrained wp-container-core-group-is-layout-c6c31506 wp-block-group-is-layout-constrained\" style=\"border-style:none;border-width:0px;border-radius:0px;min-height:30em;padding-top:0px;padding-right:0px;padding-bottom:0px;padding-left:0px\">\n<div class=\"wp-block-group alignfull is-content-justification-center is-nowrap is-layout-flex wp-container-core-group-is-layout-23441af8 wp-block-group-is-layout-flex\">\n<figure class=\"wp-block-image size-full is-resized\"><img loading=\"lazy\" decoding=\"async\" width=\"541\" height=\"400\" src=\"https:\/\/boccinibruno.it\/wp-content\/uploads\/2024\/02\/90f7c6_2cccc8ad365d4430943092587a63c894mv2.webp\" alt=\"\" class=\"wp-image-172\" style=\"aspect-ratio:16\/9;object-fit:cover;width:570px\" srcset=\"https:\/\/boccinibruno.it\/wp-content\/uploads\/2024\/02\/90f7c6_2cccc8ad365d4430943092587a63c894mv2.webp 541w, https:\/\/boccinibruno.it\/wp-content\/uploads\/2024\/02\/90f7c6_2cccc8ad365d4430943092587a63c894mv2-300x222.webp 300w\" sizes=\"auto, (max-width: 541px) 100vw, 541px\" \/><\/figure>\n<\/div>\n\n\n\n<div class=\"wp-block-group is-layout-flow wp-container-core-group-is-layout-3f992a7a wp-block-group-is-layout-flow\" style=\"padding-top:0px;padding-right:1rem;padding-bottom:0px;padding-left:1rem\">\n<h3 class=\"wp-block-heading has-text-align-center\"><strong>Gas liquefatto in bombole<\/strong><\/h3>\n\n\n\n<p>Nel punto vendita della Boccini Bruno di Grosseto si vendono anche, all&#8217;ingrosso, bombole di GPL e cherosene per uso abitativo e industriale. Se richiesto, effettuiamo anche un comodo servizio di consegna a domicilio. Siamo inoltre centro specializzato nella revisione, ricarica e vendita di estintori e materiale antincendio. Chiama!<\/p>\n<\/div>\n<\/div>\n<\/div>\n<\/div>\n<\/div>\n\n\n\n<div class=\"wp-block-group is-layout-flow wp-container-core-group-is-layout-d028d1b8 wp-block-group-is-layout-flow\" style=\"padding-top:var(--wp--preset--spacing--40);padding-right:var(--wp--preset--spacing--40);padding-bottom:var(--wp--preset--spacing--40);padding-left:var(--wp--preset--spacing--40)\">\n<div class=\"wp-block-columns is-layout-flex wp-container-core-columns-is-layout-28232c24 wp-block-columns-is-layout-flex\">\n<div class=\"wp-block-column is-layout-flow wp-block-column-is-layout-flow\" style=\"padding-right:var(--wp--preset--spacing--50);padding-left:var(--wp--preset--spacing--50)\">\n<h2 class=\"wp-block-heading has-text-align-center\"><strong>Contattaci<\/strong><\/h2>\n\n\n\n<p class=\"has-text-align-center\"><strong>INDIRIZZO<\/strong><br>Via Orcagna, 122<br>58100 Grosseto<\/p>\n\n\n\n<p class=\"has-text-align-center\"><strong>EMAIL<\/strong><br><a href=\"mailto:m.boccini@yahoo.it\">m.boccini@yahoo.it<\/a><\/p>\n\n\n\n<p class=\"has-text-align-center\">\u200b<strong>TELEFONO<\/strong><br>0564 492268<\/p>\n<\/div>\n\n\n\n<div class=\"wp-block-column has-border-color has-luminous-vivid-amber-border-color is-layout-flow wp-block-column-is-layout-flow\" style=\"border-width:3px;padding-top:var(--wp--preset--spacing--30);padding-right:var(--wp--preset--spacing--30);padding-bottom:var(--wp--preset--spacing--30);padding-left:var(--wp--preset--spacing--30);flex-basis:60%\"><style id=\"wpforms-css-vars-63-block-2286d726-d4eb-4f73-a60d-b994ba33d874\">\n\t\t\t\t#wpforms-63.wpforms-block-2286d726-d4eb-4f73-a60d-b994ba33d874 {\n\t\t\t\t--wpforms-button-background-color: #187c1c;\n--wpforms-field-size-input-height: 31px;\n--wpforms-field-size-input-spacing: 10px;\n--wpforms-field-size-font-size: 14px;\n--wpforms-field-size-line-height: 17px;\n--wpforms-field-size-padding-h: 9px;\n--wpforms-field-size-checkbox-size: 14px;\n--wpforms-field-size-sublabel-spacing: 5px;\n--wpforms-field-size-icon-size: 0.75;\n--wpforms-label-size-font-size: 14px;\n--wpforms-label-size-line-height: 17px;\n--wpforms-label-size-sublabel-font-size: 13px;\n--wpforms-label-size-sublabel-line-height: 16px;\n--wpforms-button-size-font-size: 20px;\n--wpforms-button-size-height: 48px;\n--wpforms-button-size-padding-h: 20px;\n--wpforms-button-size-margin-top: 15px;\n\t\t\t}\n\t\t\t<\/style><div class=\"wpforms-container wpforms-container-full wpforms-block wpforms-block-2286d726-d4eb-4f73-a60d-b994ba33d874 button  position absolute top 50 background-color 0a0a23 color fff border none border-radius 10px  wpforms-render-modern\" id=\"wpforms-63\"><form id=\"wpforms-form-63\" class=\"wpforms-validate wpforms-form wpforms-ajax-form\" data-formid=\"63\" method=\"post\" enctype=\"multipart\/form-data\" action=\"\/index.php\/wp-json\/wp\/v2\/pages\/22\" data-token=\"b62c942d578b28296cdd00d92127469a\" data-token-time=\"1776073723\"><noscript class=\"wpforms-error-noscript\">Please enable JavaScript in your browser to complete this form.<\/noscript><div id=\"wpforms-error-noscript\" style=\"display: none;\">Please enable JavaScript in your browser to complete this form.<\/div><div class=\"wpforms-field-container\"><div id=\"wpforms-63-field_3-container\" class=\"wpforms-field wpforms-field-name wpforms-one-half wpforms-first\" data-field-id=\"3\"><label class=\"wpforms-field-label\" for=\"wpforms-63-field_3\">Nome <span class=\"wpforms-required-label\" aria-hidden=\"true\">*<\/span><\/label><input type=\"text\" id=\"wpforms-63-field_3\" class=\"wpforms-field-large wpforms-field-required\" name=\"wpforms[fields][3]\" aria-errormessage=\"wpforms-63-field_3-error\" required><\/div><div id=\"wpforms-63-field_5-container\" class=\"wpforms-field wpforms-field-textarea wpforms-one-half\" data-field-id=\"5\"><label class=\"wpforms-field-label\" for=\"wpforms-63-field_5\">Indirizzo<\/label><textarea id=\"wpforms-63-field_5\" class=\"wpforms-field-small\" name=\"wpforms[fields][5]\" aria-errormessage=\"wpforms-63-field_5-error\" ><\/textarea><\/div><div id=\"wpforms-63-field_4-container\" class=\"wpforms-field wpforms-field-text wpforms-one-half wpforms-first\" data-field-id=\"4\"><label class=\"wpforms-field-label\" for=\"wpforms-63-field_4\">Telefono <span class=\"wpforms-required-label\" aria-hidden=\"true\">*<\/span><\/label><input type=\"text\" id=\"wpforms-63-field_4\" class=\"wpforms-field-large wpforms-field-required\" name=\"wpforms[fields][4]\" aria-errormessage=\"wpforms-63-field_4-error\" required><\/div><div id=\"wpforms-63-field_1-container\" class=\"wpforms-field wpforms-field-email wpforms-one-half\" data-field-id=\"1\"><label class=\"wpforms-field-label\" for=\"wpforms-63-field_1\">Email <span class=\"wpforms-required-label\" aria-hidden=\"true\">*<\/span><\/label><input type=\"email\" id=\"wpforms-63-field_1\" class=\"wpforms-field-large wpforms-field-required\" name=\"wpforms[fields][1]\" spellcheck=\"false\" aria-errormessage=\"wpforms-63-field_1-error\" required><\/div><div id=\"wpforms-63-field_7-container\" class=\"wpforms-field wpforms-field-text\" data-field-id=\"7\"><label class=\"wpforms-field-label\" for=\"wpforms-63-field_7\">Oggetto<\/label><input type=\"text\" id=\"wpforms-63-field_7\" class=\"wpforms-field-large\" name=\"wpforms[fields][7]\" aria-errormessage=\"wpforms-63-field_7-error\" ><\/div><div id=\"wpforms-63-field_2-container\" class=\"wpforms-field wpforms-field-textarea\" data-field-id=\"2\"><label class=\"wpforms-field-label\" for=\"wpforms-63-field_2\">Messaggio<\/label><textarea id=\"wpforms-63-field_2\" class=\"wpforms-field-medium\" name=\"wpforms[fields][2]\" aria-errormessage=\"wpforms-63-field_2-error\" ><\/textarea><\/div><\/div><!-- .wpforms-field-container --><div class=\"wpforms-submit-container\" ><input type=\"hidden\" name=\"wpforms[id]\" value=\"63\"><input type=\"hidden\" name=\"page_title\" value=\"\"><input type=\"hidden\" name=\"page_url\" value=\"https:\/\/boccinibruno.it\/index.php\/wp-json\/wp\/v2\/pages\/22\"><input type=\"hidden\" name=\"url_referer\" value=\"\"><button type=\"submit\" name=\"wpforms[submit]\" id=\"wpforms-submit-63\" class=\"wpforms-submit button\" data-alt-text=\"Invio in corso... grazie per averci contattati\" data-submit-text=\"Invia\" aria-live=\"assertive\" value=\"wpforms-submit\">Invia<\/button><img loading=\"lazy\" decoding=\"async\" src=\"https:\/\/boccinibruno.it\/wp-content\/plugins\/wpforms-lite\/assets\/images\/submit-spin.svg\" class=\"wpforms-submit-spinner\" style=\"display: none;\" width=\"26\" height=\"26\" alt=\"Loading\"><\/div><\/form><\/div>  <!-- .wpforms-container --><\/div>\n<\/div>\n<\/div>\n<\/div>\n","protected":false},"excerpt":{"rendered":"<p>I nostri prodotti Bombole per cucine La Boccini Bruno \u00e8 un riferimento anche nella vendita [&hellip;]<\/p>\n","protected":false},"author":1,"featured_media":0,"parent":0,"menu_order":0,"comment_status":"closed","ping_status":"closed","template":"page-no-title","meta":{"footnotes":""},"class_list":["post-22","page","type-page","status-publish","hentry"],"_links":{"self":[{"href":"https:\/\/boccinibruno.it\/index.php\/wp-json\/wp\/v2\/pages\/22","targetHints":{"allow":["GET"]}}],"collection":[{"href":"https:\/\/boccinibruno.it\/index.php\/wp-json\/wp\/v2\/pages"}],"about":[{"href":"https:\/\/boccinibruno.it\/index.php\/wp-json\/wp\/v2\/types\/page"}],"author":[{"embeddable":true,"href":"https:\/\/boccinibruno.it\/index.php\/wp-json\/wp\/v2\/users\/1"}],"replies":[{"embeddable":true,"href":"https:\/\/boccinibruno.it\/index.php\/wp-json\/wp\/v2\/comments?post=22"}],"version-history":[{"count":6,"href":"https:\/\/boccinibruno.it\/index.php\/wp-json\/wp\/v2\/pages\/22\/revisions"}],"predecessor-version":[{"id":220,"href":"https:\/\/boccinibruno.it\/index.php\/wp-json\/wp\/v2\/pages\/22\/revisions\/220"}],"wp:attachment":[{"href":"https:\/\/boccinibruno.it\/index.php\/wp-json\/wp\/v2\/media?parent=22"}],"curies":[{"name":"wp","href":"https:\/\/api.w.org\/{rel}","templated":true}]}}