{"id":3,"date":"2024-02-15T21:46:16","date_gmt":"2024-02-15T20:46:16","guid":{"rendered":"https:\/\/boccinibruno.it\/?page_id=3"},"modified":"2024-02-21T23:36:15","modified_gmt":"2024-02-21T22:36:15","slug":"privacy-policy","status":"publish","type":"page","link":"https:\/\/boccinibruno.it\/index.php\/privacy-policy\/","title":{"rendered":"Privacy Policy"},"content":{"rendered":"\n<h1 class=\"wp-block-heading\">Privacy Policy<\/h1>\n\n\n\n<p style=\"margin-top:0;margin-bottom:0\">Informativa per il trattamento dei dati personali ex. Art 13 &#8211; D. Lgs. N.196\/2003 del 30 Giugno 2003<br>Per l\u2019instaurazione e l\u2019esecuzione dei rapporti contrattuali con i propri clienti, la seguente societ\u00e0 viene in possesso di dati anagrafici, fiscali ed inerenti l\u2019oggetto sociale\/aziendale relativo, acquisiti anche verbalmente, direttamente o tramite terzi. Ai sensi del D. Lgs. N.196\/2003 del 30 Giugno 2003 \u201cCodice in materia di protezione dei dati personali\u201d ed in relazione ai dati personali che intendiamo trattare secondo principi di correttezza, liceit\u00e0, trasparenza e di tutela della riservatezza e dei diritti, Vi informiamo di quanto a seguito.<\/p>\n\n\n\n<h3 class=\"wp-block-heading\" style=\"margin-top:var(--wp--preset--spacing--40);margin-bottom:0\">Titolare e responsabile<\/h3>\n\n\n\n<p style=\"margin-top:0;margin-bottom:0\">Titolare e responsabile del trattamento dei dati personali \u00e8 il rappresentante legale domiciliato per la funzione presso la societ\u00e0 stessa.<\/p>\n\n\n\n<h3 class=\"wp-block-heading\" style=\"margin-top:var(--wp--preset--spacing--40);margin-bottom:0\">\u200bFinalit\u00e0 del trattamento<\/h3>\n\n\n\n<p style=\"margin-top:0;margin-bottom:0\">I dati personali sono trattati nell\u2019ambito della normale attivit\u00e0 del titolare e secondo finalit\u00e0 strettamente connesse e strumentali alla gestione del rapporto intercorrente in ogni fase (pre-contrattuale, contrattuale, contenzioso, ecc.), ai derivanti obblighi contrattuali e di aggiornamento dei servizi offerti, agli adempimenti imposti dalla legge, dai regolamenti e dalla normativa comunitaria.<\/p>\n\n\n\n<h3 class=\"wp-block-heading\" style=\"margin-top:var(--wp--preset--spacing--40);margin-bottom:0\">Natura del conferimento<\/h3>\n\n\n\n<p style=\"margin-top:0;margin-bottom:0\">Il conferimento dei dati stessi \u00e8 obbligatorio per tutto quanto \u00e8 richiesto dagli obblighi legali e contrattuali e pertanto l\u2019eventuale rifiuto a fornirli o al successivo trattamento potr\u00e0 determinare l\u2019impossibilit\u00e0 di dar corso ai rapporti contrattuali medesimi. Il mancato conferimento di dati che non siano riconducibili a obblighi legali o contrattuali verr\u00e0 valutato di volta in volta e determiner\u00e0 le conseguenti decisioni rapportate all\u2019importanza dei dati richiesti rispetto alla gestione del rapporto.<\/p>\n\n\n\n<h3 class=\"wp-block-heading\" style=\"margin-top:var(--wp--preset--spacing--40);margin-bottom:0\">Modalit\u00e0 del trattamento<\/h3>\n\n\n\n<p style=\"margin-top:0;margin-bottom:0\">Il trattamento dei dati personali avviene con supporto di mezzi cartacei ed informatici e si realizza esclusivamente attraverso le fasi di raccolta, registrazione, organizzazione, conservazione, classificazione, comunicazione, cancellazione e distruzione dei dati, effettuate da parte del personale addetto nell\u2019ambito dell\u2019attivit\u00e0 di propria competenza e a seguito di opportuno addestramento. I dati sono conservati presso la nostra sede e verranno trattati per tutta la durata dei rapporti contrattuali instaurati e anche successivamente per l\u2019espletamento di tutti gli adempimenti di legge. I dati relativi allo svolgimento dell\u2019attivit\u00e0 economica sono trattati nel rispetto della vigente normativa in materia di segreto aziendale ed industriale. Sono impiegate misure di sicurezza volte a garantire la necessaria riservatezza ed evitare l\u2019indebito accesso a soggetti terzi o persone non autorizzate.<\/p>\n\n\n\n<h3 class=\"wp-block-heading\" style=\"margin-top:var(--wp--preset--spacing--40);margin-bottom:0\">Ambito di comunicazione e diffusione dei dati<\/h3>\n\n\n\n<p style=\"margin-top:0;margin-bottom:0\">Ferme restando le comunicazioni e diffusioni effettuate in esecuzione di obblighi di legge, i dati sono resi disponibili esclusivamente per le finalit\u00e0 sopra elencate e potranno essere comunicati (per i soli aspetti inerenti l\u2019attivit\u00e0 specifica da eseguire), in ambito nazionale e\/o internazionale, ai seguenti altri soggetti :<\/p>\n\n\n\n<ul class=\"wp-block-list\">\n<li>Enti di accreditamento;<\/li>\n\n\n\n<li>Professionisti e societ\u00e0 esterne che collaborano per le attivit\u00e0 di audit;<\/li>\n\n\n\n<li>Professionisti e societ\u00e0 esterne che svolgono attivit\u00e0 per la gestione e il controllo della nostra attivit\u00e0 imprenditoriale;<\/li>\n\n\n\n<li>Banche o Istituti di credito;<\/li>\n\n\n\n<li>Societ\u00e0 o enti di recupero del credito.<\/li>\n<\/ul>\n\n\n\n<p style=\"margin-top:0;margin-bottom:0\">Viene altres\u00ec divulgato a terzi, attraverso mezzi verbali, cartacei, rete internet e sito web, lo stato di validit\u00e0 della certificazione dell\u2019organizzazione cliente (certificata, sospesa, cancellata), indicando denominazione sociale, indirizzo, norma di riferimento, scopo di certificazione e numero di certificato, codice fiscale e partita IVA. In nessun caso i dati personali in nostro possesso verranno diffusi o comunicati a soggetti terzi a fini commerciali, fatti salvi i limiti di cui all&#8217;art. 16 D. Lgs 196\/2003.\u200b<\/p>\n\n\n\n<h3 class=\"wp-block-heading\" style=\"margin-top:var(--wp--preset--spacing--40);margin-bottom:0\">Diritti dell\u2019interessato<\/h3>\n\n\n\n<p style=\"margin-top:0;margin-bottom:0\">Relativamente ai dati personali, la Vostra organizzazione pu\u00f2 in ogni momento esercitare i diritti previsti dall\u2019art. 7 del D. Lgs. N.196\/2003nei limiti ed alle condizioni previste dagli articoli 8, 9 e 10 del medesimo decreto, inoltrando una richiesta a mezzo raccomandata, fax o e-mail, al titolare del trattamento dei dati personali. Gli indirizzi sono riportati nell&#8217;apposita pagina di questo sito.<\/p>\n","protected":false},"excerpt":{"rendered":"<p>Privacy Policy Informativa per il trattamento dei dati personali ex. Art 13 &#8211; D. Lgs. [&hellip;]<\/p>\n","protected":false},"author":1,"featured_media":0,"parent":0,"menu_order":0,"comment_status":"closed","ping_status":"open","template":"page-no-title","meta":{"footnotes":""},"class_list":["post-3","page","type-page","status-publish","hentry"],"_links":{"self":[{"href":"https:\/\/boccinibruno.it\/index.php\/wp-json\/wp\/v2\/pages\/3","targetHints":{"allow":["GET"]}}],"collection":[{"href":"https:\/\/boccinibruno.it\/index.php\/wp-json\/wp\/v2\/pages"}],"about":[{"href":"https:\/\/boccinibruno.it\/index.php\/wp-json\/wp\/v2\/types\/page"}],"author":[{"embeddable":true,"href":"https:\/\/boccinibruno.it\/index.php\/wp-json\/wp\/v2\/users\/1"}],"replies":[{"embeddable":true,"href":"https:\/\/boccinibruno.it\/index.php\/wp-json\/wp\/v2\/comments?post=3"}],"version-history":[{"count":4,"href":"https:\/\/boccinibruno.it\/index.php\/wp-json\/wp\/v2\/pages\/3\/revisions"}],"predecessor-version":[{"id":110,"href":"https:\/\/boccinibruno.it\/index.php\/wp-json\/wp\/v2\/pages\/3\/revisions\/110"}],"wp:attachment":[{"href":"https:\/\/boccinibruno.it\/index.php\/wp-json\/wp\/v2\/media?parent=3"}],"curies":[{"name":"wp","href":"https:\/\/api.w.org\/{rel}","templated":true}]}}